{"id":947,"date":"2024-09-26T13:31:33","date_gmt":"2024-09-26T11:31:33","guid":{"rendered":"https:\/\/www.nobo-auto.cz\/?page_id=947"},"modified":"2024-09-26T13:48:49","modified_gmt":"2024-09-26T11:48:49","slug":"cookie-policy","status":"publish","type":"page","link":"https:\/\/www.nobo-auto.cz\/en\/zasady-cookies\/","title":{"rendered":"Cookie Policy"},"content":{"rendered":"<h2>We use cookies on our website.<\/h2>\n<p>Cookies are small content files that are used to store and receive identifiers and other information about the computers, phones and other devices from which you access the website and help to make our website easier to use and to tailor the content to your preferences and needs.<\/p>\n<h2>What cookies do we use?<\/h2>\n<p>We use functional, analytical and marketing cookies on our website.<\/p>\n<h3>Functional cookies<\/h3>\n<p>Functional cookies enable the basic functionality of the website. We do not need your consent to use them.<\/p>\n<h3>Analytical cookies<\/h3>\n<p>Analytical cookies are used to improve the functioning of the website through which we track traffic and usage of our website. They can help us to develop our website to make it more user-friendly. We need your consent to use them.<\/p>\n<h3>Marketing cookies<\/h3>\n<p>Marketing cookies help us to tailor marketing and target advertising messages. We need your consent to use them.<\/p>\n<p>We use the following marketing cookies on our website, which you can <a data-cc=\"show-preferencesModal\" aria-haspopup=\"dialog\">view and edit in your preferences.<\/a><\/p>\n<h2>How to set cookies?<\/h2>\n<p>You can set your choice of cookies <a data-cc=\"show-preferencesModal\" aria-haspopup=\"dialog\">via the cookie bar.<\/a> You can change your settings at any time. You can also set them via your web browser.<\/p>","protected":false},"excerpt":{"rendered":"<p>Na na\u0161ich str\u00e1nk\u00e1ch pou\u017e\u00edv\u00e1me cookies. Cookies jsou obsahov\u011b mal\u00e9 soubory, kter\u00e9 slou\u017e\u00ed k&nbsp;ukl\u00e1d\u00e1n\u00ed a&nbsp;p\u0159ij\u00edm\u00e1n\u00ed identifik\u00e1tor\u016f a&nbsp;dal\u0161\u00edch informac\u00ed o&nbsp;po\u010d\u00edta\u010d\u00edch, telefonech a&nbsp;jin\u00fdch za\u0159\u00edzen\u00edch, z&nbsp;nich\u017e p\u0159istupujete na webov\u00e9 str\u00e1nky, a&nbsp;pom\u00e1haj\u00ed ke snadn\u011bj\u0161\u00edmu vyu\u017eit\u00ed na\u0161ich webov\u00fdch str\u00e1nek a&nbsp;p\u0159izp\u016fsobuj\u00ed jejich obsah Va\u0161im preferenc\u00edm a&nbsp;pot\u0159eb\u00e1m. Jak\u00e9 cookies pou\u017e\u00edv\u00e1me? Na na\u0161ich webov\u00fdch str\u00e1nk\u00e1ch vyu\u017e\u00edv\u00e1me funk\u010dn\u00ed, analytick\u00e9 a&nbsp;marketingov\u00e9 cookies. Funk\u010dn\u00ed cookies Funk\u010dn\u00ed cookies [&hellip;]<\/p>\n","protected":false},"author":1,"featured_media":0,"parent":0,"menu_order":0,"comment_status":"closed","ping_status":"closed","template":"","meta":{"footnotes":""},"class_list":["post-947","page","type-page","status-publish","hentry"],"_links":{"self":[{"href":"https:\/\/www.nobo-auto.cz\/en\/wp-json\/wp\/v2\/pages\/947","targetHints":{"allow":["GET"]}}],"collection":[{"href":"https:\/\/www.nobo-auto.cz\/en\/wp-json\/wp\/v2\/pages"}],"about":[{"href":"https:\/\/www.nobo-auto.cz\/en\/wp-json\/wp\/v2\/types\/page"}],"author":[{"embeddable":true,"href":"https:\/\/www.nobo-auto.cz\/en\/wp-json\/wp\/v2\/users\/1"}],"replies":[{"embeddable":true,"href":"https:\/\/www.nobo-auto.cz\/en\/wp-json\/wp\/v2\/comments?post=947"}],"version-history":[{"count":5,"href":"https:\/\/www.nobo-auto.cz\/en\/wp-json\/wp\/v2\/pages\/947\/revisions"}],"predecessor-version":[{"id":953,"href":"https:\/\/www.nobo-auto.cz\/en\/wp-json\/wp\/v2\/pages\/947\/revisions\/953"}],"wp:attachment":[{"href":"https:\/\/www.nobo-auto.cz\/en\/wp-json\/wp\/v2\/media?parent=947"}],"curies":[{"name":"wp","href":"https:\/\/api.w.org\/{rel}","templated":true}]}}